{"id":1700,"date":"2025-01-17T21:25:34","date_gmt":"2025-01-17T13:25:34","guid":{"rendered":"https:\/\/clearfilterpro.com\/?page_id=1700"},"modified":"2025-01-18T16:40:04","modified_gmt":"2025-01-18T08:40:04","slug":"privacy-policy","status":"publish","type":"page","link":"https:\/\/clearfilterpro.com\/it\/privacy-policy\/","title":{"rendered":"Informativa sulla privacy"},"content":{"rendered":"<div data-elementor-type=\"wp-page\" data-elementor-id=\"1700\" class=\"elementor elementor-1700\" data-elementor-post-type=\"page\">\n\t\t\t\t<div class=\"elementor-element elementor-element-10e9d24 e-flex e-con-boxed e-con e-parent\" data-id=\"10e9d24\" data-element_type=\"container\" data-e-type=\"container\">\n\t\t\t\t\t<div class=\"e-con-inner\">\n\t\t\t\t<div class=\"elementor-element elementor-element-5f8aedc elementor-widget elementor-widget-heading\" data-id=\"5f8aedc\" data-element_type=\"widget\" data-e-type=\"widget\" data-settings=\"{&quot;ekit_we_effect_on&quot;:&quot;none&quot;}\" data-widget_type=\"heading.default\">\n\t\t\t\t<div class=\"elementor-widget-container\">\n\t\t\t\t\t<h1 class=\"elementor-heading-title elementor-size-default\">Informativa sulla privacy<\/h1>\t\t\t\t<\/div>\n\t\t\t\t<\/div>\n\t\t\t\t<div class=\"elementor-element elementor-element-14ec52c elementor-widget elementor-widget-text-editor\" data-id=\"14ec52c\" data-element_type=\"widget\" data-e-type=\"widget\" data-settings=\"{&quot;ekit_we_effect_on&quot;:&quot;none&quot;}\" data-widget_type=\"text-editor.default\">\n\t\t\t\t<div class=\"elementor-widget-container\">\n\t\t\t\t\t\t\t\t\t<p><strong>Informativa sulla privacy per ClearFilter<\/strong><\/p><p>A <strong>Cancella filtro<\/strong>, accessibile da https:\/\/clearfilterpro.com\/, la protezione della vostra privacy \u00e8 una priorit\u00e0. La presente Informativa sulla privacy illustra le modalit\u00e0 di raccolta, utilizzo e condivisione delle informazioni raccolte dai visitatori del nostro Sito.<\/p><h4><strong><b>1. <\/b><\/strong><strong>Introduzione<\/strong><\/h4><p>La presente Informativa sulla privacy si applica alla raccolta, all'utilizzo e alla condivisione dei dati personali raccolti da <strong>Cancella filtro<\/strong>. Utilizzando il nostro Sito, l'utente accetta la raccolta e l'utilizzo delle informazioni in conformit\u00e0 con questa politica.<\/p><h4><strong><b>2. <\/b><\/strong><strong>Informazioni raccolte<\/strong><\/h4><ul><li><strong>Informazioni personali<\/strong>: Raccogliamo le informazioni personali che ci fornite volontariamente, come nome, indirizzo e-mail e dettagli di contatto quando vi registrate, vi iscrivete agli aggiornamenti o ci contattate.<\/li><li><strong>Informazioni raccolte automaticamente<\/strong>: Possiamo raccogliere informazioni tecniche, tra cui indirizzo IP, tipo di browser, sistema operativo e dati di utilizzo, per aiutarci a migliorare le prestazioni del sito.<\/li><\/ul><h4><strong><b>3. <\/b><\/strong><strong>Come utilizziamo le vostre informazioni<\/strong><\/h4><p><strong>Cancella filtro<\/strong> utilizza le informazioni raccolte per:<\/p><ul><li>Migliorare e perfezionare la funzionalit\u00e0 e i servizi del sito<\/li><li>Rispondere alle richieste dei clienti e fornire assistenza<\/li><li>Inviare messaggi di marketing e promozionali (l'utente pu\u00f2 rinunciare in qualsiasi momento)<\/li><li>Rispettare gli obblighi di legge<\/li><\/ul><h4><strong><b>4. <\/b><\/strong><strong>Condivisione e divulgazione delle informazioni<\/strong><\/h4><p>Non condividiamo, vendiamo o affittiamo le vostre informazioni personali a terze parti, ad eccezione di:<\/p><ul><li>Con i fornitori di servizi che ci assistono nell'hosting del sito web, nell'analisi dei dati e nell'assistenza ai clienti.<\/li><li>Se richiesto da leggi, regolamenti o procedimenti legali<\/li><\/ul><h4><strong><b>5. <\/b><\/strong><strong>Sicurezza dei dati<\/strong><\/h4><p>Prendiamo precauzioni per proteggere le vostre informazioni utilizzando protocolli di crittografia e sicurezza standard del settore. Tuttavia, si noti che nessun metodo di trasmissione o archiviazione su Internet \u00e8 completamente sicuro.<\/p><h4><strong><b>6. <\/b><\/strong><strong>Cookie e tecnologie di tracciamento<\/strong><\/h4><p><strong>Cancella filtro<\/strong> utilizza cookie e tecnologie di tracciamento simili per migliorare l'esperienza di navigazione, analizzare il traffico del sito e offrire contenuti personalizzati. L'utente pu\u00f2 disabilitare i cookie nelle impostazioni del proprio browser, anche se alcune funzionalit\u00e0 del Sito potrebbero risentirne.<\/p><h4><strong><b>7. <\/b><\/strong><strong>Diritti dell'utente<\/strong><\/h4><p>A seconda della giurisdizione, l'utente pu\u00f2 avere dei diritti sulle proprie informazioni personali, tra cui:<\/p><ul><li>Accesso, aggiornamento o cancellazione dei propri dati personali<\/li><li>Opporsi al trattamento dei dati o chiederne la limitazione<\/li><\/ul><p>Per esercitare tali diritti, si prega di contattarci all'indirizzo support@https:\/\/clearfilterpro.com\/.<\/p><h4><strong><b>8. <\/b><\/strong><strong>Modifiche all'informativa sulla privacy<\/strong><\/h4><p><strong>Cancella filtro<\/strong> si riserva il diritto di aggiornare la presente Informativa sulla privacy. Le modifiche saranno pubblicate su questa pagina e vi invitiamo a consultare periodicamente la presente informativa.<\/p><h4><strong><b>9. <\/b><\/strong><strong>Contatto<\/strong><\/h4><p>In caso di domande o dubbi relativi alla presente Informativa sulla privacy, si prega di contattarci all'indirizzo support@https:\/\/clearfilterpro.com\/.<\/p>\t\t\t\t\t\t\t\t<\/div>\n\t\t\t\t<\/div>\n\t\t\t\t\t<\/div>\n\t\t\t\t<\/div>\n\t\t\t\t<\/div>","protected":false},"excerpt":{"rendered":"<p>Privacy Policy Privacy Policy for ClearFilter At ClearFilter, accessible from https:\/\/clearfilterpro.com\/, protecting your privacy is a priority. This Privacy Policy explains how we collect, use, and share information collected from visitors to our Site. 1. Introduction This Privacy Policy applies to the collection, use, and sharing of personal information collected by ClearFilter. By using our [&hellip;]<\/p>\n","protected":false},"author":1,"featured_media":0,"parent":0,"menu_order":0,"comment_status":"closed","ping_status":"closed","template":"","meta":{"_seopress_robots_primary_cat":"","_seopress_titles_title":"Privacy Policy | ClearFilter: Your Data, Your Rights","_seopress_titles_desc":"Read ClearFilter\u2019s Privacy Policy to understand how we collect, use, and protect your personal information. Learn about your rights and our commitment to data security.","_seopress_robots_index":"","footnotes":""},"class_list":["post-1700","page","type-page","status-publish","hentry"],"_links":{"self":[{"href":"https:\/\/clearfilterpro.com\/it\/wp-json\/wp\/v2\/pages\/1700","targetHints":{"allow":["GET"]}}],"collection":[{"href":"https:\/\/clearfilterpro.com\/it\/wp-json\/wp\/v2\/pages"}],"about":[{"href":"https:\/\/clearfilterpro.com\/it\/wp-json\/wp\/v2\/types\/page"}],"author":[{"embeddable":true,"href":"https:\/\/clearfilterpro.com\/it\/wp-json\/wp\/v2\/users\/1"}],"replies":[{"embeddable":true,"href":"https:\/\/clearfilterpro.com\/it\/wp-json\/wp\/v2\/comments?post=1700"}],"version-history":[{"count":13,"href":"https:\/\/clearfilterpro.com\/it\/wp-json\/wp\/v2\/pages\/1700\/revisions"}],"predecessor-version":[{"id":1846,"href":"https:\/\/clearfilterpro.com\/it\/wp-json\/wp\/v2\/pages\/1700\/revisions\/1846"}],"wp:attachment":[{"href":"https:\/\/clearfilterpro.com\/it\/wp-json\/wp\/v2\/media?parent=1700"}],"curies":[{"name":"wp","href":"https:\/\/api.w.org\/{rel}","templated":true}]}}