{"id":1690,"date":"2025-01-17T21:20:31","date_gmt":"2025-01-17T13:20:31","guid":{"rendered":"https:\/\/clearfilterpro.com\/?page_id=1690"},"modified":"2025-01-18T16:40:53","modified_gmt":"2025-01-18T08:40:53","slug":"terms-of-use","status":"publish","type":"page","link":"https:\/\/clearfilterpro.com\/it\/terms-of-use\/","title":{"rendered":"Condizioni di utilizzo"},"content":{"rendered":"<div data-elementor-type=\"wp-page\" data-elementor-id=\"1690\" class=\"elementor elementor-1690\" data-elementor-post-type=\"page\">\n\t\t\t\t<div class=\"elementor-element elementor-element-0fcc42e e-flex e-con-boxed e-con e-parent\" data-id=\"0fcc42e\" data-element_type=\"container\" data-e-type=\"container\">\n\t\t\t\t\t<div class=\"e-con-inner\">\n\t\t\t\t<div class=\"elementor-element elementor-element-2c168c9 elementor-widget elementor-widget-heading\" data-id=\"2c168c9\" data-element_type=\"widget\" data-e-type=\"widget\" data-settings=\"{&quot;ekit_we_effect_on&quot;:&quot;none&quot;}\" data-widget_type=\"heading.default\">\n\t\t\t\t<div class=\"elementor-widget-container\">\n\t\t\t\t\t<h1 class=\"elementor-heading-title elementor-size-default\">Condizioni di utilizzo<\/h1>\t\t\t\t<\/div>\n\t\t\t\t<\/div>\n\t\t\t\t<div class=\"elementor-element elementor-element-bfd8a24 elementor-widget elementor-widget-text-editor\" data-id=\"bfd8a24\" data-element_type=\"widget\" data-e-type=\"widget\" data-settings=\"{&quot;ekit_we_effect_on&quot;:&quot;none&quot;}\" data-widget_type=\"text-editor.default\">\n\t\t\t\t<div class=\"elementor-widget-container\">\n\t\t\t\t\t\t\t\t\t<p><strong>Benvenuti in ClearFilter!<\/strong><\/p><p>Le presenti Condizioni d'uso (\"Condizioni\") regolano l'utilizzo da parte dell'utente del sito web situato all'indirizzo https:\/\/clearfilterpro.com\/ (il \"Sito\") e dei servizi forniti da <strong>Cancella filtro<\/strong>(\"noi\", \"ci\" o \"nostro\"). Accedendo o utilizzando il Sito, l'utente accetta di rispettare le presenti Condizioni. Se non si accettano, si prega di non utilizzare il Sito.<\/p><h4><strong><b>1. <\/b><\/strong><strong>Accettazione dei termini<\/strong><\/h4><p>Accedendo e utilizzando il nostro Sito, l'utente accetta e si impegna ad essere vincolato dai presenti Termini. Se l'utente utilizza il Sito per conto di un'azienda, dichiara e garantisce di essere autorizzato ad accettare i presenti Termini per conto dell'azienda.<\/p><h4><strong><b>2. <\/b><\/strong><strong>Modifiche ai termini<\/strong><\/h4><p><strong>Cancella filtro <\/strong>si riserva il diritto di modificare le presenti Condizioni in qualsiasi momento. Eventuali modifiche saranno pubblicate su questa pagina e la data in alto rifletter\u00e0 l'ultima revisione. L'uso continuato del Sito dopo qualsiasi modifica indica l'accettazione dei nuovi Termini.<\/p><h4><strong><b>3. <\/b><\/strong><strong>Utilizzo del Sito<\/strong><\/h4><p>L'utente accetta di utilizzare il Sito solo per scopi leciti e in modo da non violare i diritti, limitare o inibire l'uso del Sito da parte di altri. Qualsiasi uso non autorizzato del Sito pu\u00f2 comportare la sospensione o l'interruzione del vostro accesso.<\/p><h4><strong><b>4. <\/b><\/strong><strong>Responsabilit\u00e0 del conto<\/strong><\/h4><p>Se create un account sul nostro Sito, siete responsabili di mantenere la riservatezza delle vostre informazioni di accesso. L'utente accetta di fornire informazioni accurate e complete e di aggiornarle quando necessario. <strong>Cancella filtro<\/strong> non \u00e8 responsabile di alcun accesso o attivit\u00e0 non autorizzata sul vostro conto.<\/p><h4><strong><b>5. <\/b><\/strong><strong>Propriet\u00e0 intellettuale<\/strong><\/h4><p>Tutti i contenuti, le caratteristiche e le funzionalit\u00e0 del Sito, compresi testi, immagini, loghi, grafica e software, sono di propriet\u00e0 o concessi in licenza a <strong>Cancella filtro<\/strong> e sono protetti dalle leggi sulla propriet\u00e0 intellettuale applicabili. L'uso non autorizzato di qualsiasi contenuto del Sito \u00e8 severamente vietato.<\/p><h4><strong><b>6. <\/b><\/strong><strong>Contenuti generati dagli utenti<\/strong><\/h4><p>Se l'utente invia contenuti al Sito, inclusi commenti, recensioni o altri contenuti generati dall'utente, garantisce che <strong>Cancella filtro<\/strong>una licenza non esclusiva e mondiale per l'utilizzo, la visualizzazione e la distribuzione di tali contenuti. Ci riserviamo il diritto di rivedere e rimuovere qualsiasi contenuto ritenuto inappropriato o in violazione dei presenti Termini.<\/p><h4><strong><b>7. <\/b><\/strong><strong>Limitazione di responsabilit\u00e0<\/strong><\/h4><p><strong>Cancella filtro<\/strong> non sar\u00e0 responsabile di alcun danno diretto, indiretto, incidentale o consequenziale derivante dall'utilizzo del Sito o dall'impossibilit\u00e0 di utilizzare il Sito. Ci\u00f2 include qualsiasi perdita di affari o di dati associata ai servizi del Sito.<\/p><h4><strong><b>8. <\/b><\/strong><strong>Link di terze parti<\/strong><\/h4><p>Il Sito pu\u00f2 contenere link a siti web di terzi. <strong>Cancella filtro<\/strong> non \u00e8 responsabile del contenuto o dell'accuratezza delle informazioni contenute nei siti di terzi e non avalla n\u00e9 si assume alcuna responsabilit\u00e0 in merito.<\/p><h4><strong><b>9. <\/b><\/strong><strong>Terminazione<\/strong><\/h4><p><strong>Cancella filtro<\/strong> pu\u00f2 interrompere o sospendere l'accesso al Sito senza preavviso in caso di condotta che violi i presenti Termini o sia dannosa per altri utenti.<\/p><h4><strong><b>10. <\/b><\/strong><strong>Legge applicabile<\/strong><\/h4><p>Le presenti Condizioni e qualsiasi controversia derivante dall'utilizzo del Sito da parte dell'utente saranno disciplinate e interpretate in conformit\u00e0 alle leggi di <strong>Cancella filtro<\/strong>.<\/p><p>Per domande relative ai presenti Termini, si prega di contattarci all'indirizzo support@clearfilterpro.com.<\/p><p>\u00a0<\/p>\t\t\t\t\t\t\t\t<\/div>\n\t\t\t\t<\/div>\n\t\t\t\t\t<\/div>\n\t\t\t\t<\/div>\n\t\t\t\t<\/div>","protected":false},"excerpt":{"rendered":"<p>Terms of Use Welcome to ClearFilter! These Terms of Use (\u201cTerms\u201d) govern your use of the website located at https:\/\/clearfilterpro.com\/ (the \u201cSite\u201d) and the services provided by ClearFilter(\u201cwe,\u201d \u201cus,\u201d or \u201cour\u201d). By accessing or using the Site, you agree to comply with these Terms. If you do not agree, please do not use the Site. [&hellip;]<\/p>\n","protected":false},"author":1,"featured_media":0,"parent":0,"menu_order":0,"comment_status":"closed","ping_status":"closed","template":"","meta":{"_seopress_robots_primary_cat":"","_seopress_titles_title":"Terms of Use | ClearFilter: Your Guide to Using Our Services","_seopress_titles_desc":"Review ClearFilter\u2019s Terms of Use to understand the rules for accessing and using our website. Learn about user responsibilities, intellectual property, and limitations of liability.","_seopress_robots_index":"","footnotes":""},"class_list":["post-1690","page","type-page","status-publish","hentry"],"_links":{"self":[{"href":"https:\/\/clearfilterpro.com\/it\/wp-json\/wp\/v2\/pages\/1690","targetHints":{"allow":["GET"]}}],"collection":[{"href":"https:\/\/clearfilterpro.com\/it\/wp-json\/wp\/v2\/pages"}],"about":[{"href":"https:\/\/clearfilterpro.com\/it\/wp-json\/wp\/v2\/types\/page"}],"author":[{"embeddable":true,"href":"https:\/\/clearfilterpro.com\/it\/wp-json\/wp\/v2\/users\/1"}],"replies":[{"embeddable":true,"href":"https:\/\/clearfilterpro.com\/it\/wp-json\/wp\/v2\/comments?post=1690"}],"version-history":[{"count":13,"href":"https:\/\/clearfilterpro.com\/it\/wp-json\/wp\/v2\/pages\/1690\/revisions"}],"predecessor-version":[{"id":1843,"href":"https:\/\/clearfilterpro.com\/it\/wp-json\/wp\/v2\/pages\/1690\/revisions\/1843"}],"wp:attachment":[{"href":"https:\/\/clearfilterpro.com\/it\/wp-json\/wp\/v2\/media?parent=1690"}],"curies":[{"name":"wp","href":"https:\/\/api.w.org\/{rel}","templated":true}]}}