{"id":1690,"date":"2025-01-17T21:20:31","date_gmt":"2025-01-17T13:20:31","guid":{"rendered":"https:\/\/clearfilterpro.com\/?page_id=1690"},"modified":"2025-01-18T16:40:53","modified_gmt":"2025-01-18T08:40:53","slug":"terms-of-use","status":"publish","type":"page","link":"https:\/\/clearfilterpro.com\/es\/terms-of-use\/","title":{"rendered":"Condiciones de uso"},"content":{"rendered":"<div data-elementor-type=\"wp-page\" data-elementor-id=\"1690\" class=\"elementor elementor-1690\" data-elementor-post-type=\"page\">\n\t\t\t\t<div class=\"elementor-element elementor-element-0fcc42e e-flex e-con-boxed e-con e-parent\" data-id=\"0fcc42e\" data-element_type=\"container\" data-e-type=\"container\">\n\t\t\t\t\t<div class=\"e-con-inner\">\n\t\t\t\t<div class=\"elementor-element elementor-element-2c168c9 elementor-widget elementor-widget-heading\" data-id=\"2c168c9\" data-element_type=\"widget\" data-e-type=\"widget\" data-settings=\"{&quot;ekit_we_effect_on&quot;:&quot;none&quot;}\" data-widget_type=\"heading.default\">\n\t\t\t\t<div class=\"elementor-widget-container\">\n\t\t\t\t\t<h1 class=\"elementor-heading-title elementor-size-default\">Condiciones de uso<\/h1>\t\t\t\t<\/div>\n\t\t\t\t<\/div>\n\t\t\t\t<div class=\"elementor-element elementor-element-bfd8a24 elementor-widget elementor-widget-text-editor\" data-id=\"bfd8a24\" data-element_type=\"widget\" data-e-type=\"widget\" data-settings=\"{&quot;ekit_we_effect_on&quot;:&quot;none&quot;}\" data-widget_type=\"text-editor.default\">\n\t\t\t\t<div class=\"elementor-widget-container\">\n\t\t\t\t\t\t\t\t\t<p><strong>Bienvenido a ClearFilter<\/strong><\/p><p>Las presentes Condiciones de uso (\"Condiciones\") regulan el uso del sitio web https:\/\/clearfilterpro.com\/ (el \"Sitio\") y de los servicios prestados por <strong>ClearFilter<\/strong>(\"nosotros\", \"nos\" o \"nuestro\"). Al acceder o utilizar el Sitio, usted acepta cumplir estas Condiciones. Si no est\u00e1 de acuerdo, le rogamos que no utilice el Sitio.<\/p><h4><strong><b>1. <\/b><\/strong><strong>Aceptaci\u00f3n de las condiciones<\/strong><\/h4><p>Al acceder y utilizar nuestro Sitio, usted acepta y se compromete a cumplir estas Condiciones. Si utiliza el Sitio en nombre de una empresa, declara y garantiza que est\u00e1 autorizado a aceptar estas Condiciones en nombre de la empresa.<\/p><h4><strong><b>2. <\/b><\/strong><strong>Modificaci\u00f3n de las condiciones<\/strong><\/h4><p><strong>ClearFilter <\/strong>se reserva el derecho a modificar estas Condiciones en cualquier momento. Cualquier cambio ser\u00e1 publicado en esta p\u00e1gina, y la fecha en la parte superior reflejar\u00e1 la \u00faltima revisi\u00f3n. Su uso continuado del Sitio despu\u00e9s de cualquier modificaci\u00f3n indica su aceptaci\u00f3n de los nuevos T\u00e9rminos.<\/p><h4><strong><b>3. <\/b><\/strong><strong>Uso del sitio<\/strong><\/h4><p>Usted se compromete a utilizar el Sitio \u00fanicamente con fines l\u00edcitos y de forma que no infrinja los derechos de terceros, ni restrinja o inhiba el uso del Sitio por parte de terceros. Cualquier uso no autorizado del Sitio puede dar lugar a la suspensi\u00f3n o cancelaci\u00f3n de su acceso.<\/p><h4><strong><b>4. <\/b><\/strong><strong>Responsabilidades de la cuenta<\/strong><\/h4><p>Si crea una cuenta en nuestro Sitio, usted es responsable de mantener la confidencialidad de su informaci\u00f3n de acceso. Usted se compromete a proporcionar informaci\u00f3n precisa y completa y a actualizarla cuando sea necesario. <strong>ClearFilter<\/strong> no se hace responsable de ning\u00fan acceso o actividad no autorizados en su cuenta.<\/p><h4><strong><b>5. <\/b><\/strong><strong>Propiedad intelectual<\/strong><\/h4><p>Todos los contenidos, caracter\u00edsticas y funcionalidades del Sitio, incluidos textos, im\u00e1genes, logotipos, gr\u00e1ficos y software, son propiedad o est\u00e1n bajo licencia de <strong>ClearFilter<\/strong> y est\u00e1n protegidos por las leyes de propiedad intelectual aplicables. El uso no autorizado de cualquier contenido del Sitio est\u00e1 estrictamente prohibido.<\/p><h4><strong><b>6. <\/b><\/strong><strong>Contenidos generados por los usuarios<\/strong><\/h4><p>Si env\u00eda contenidos al Sitio, incluidos comentarios, rese\u00f1as u otros contenidos generados por los usuarios, usted garantiza que <strong>ClearFilter<\/strong>una licencia mundial no exclusiva para utilizar, mostrar y distribuir este contenido. Nos reservamos el derecho a revisar y eliminar cualquier contenido que consideremos inapropiado o que infrinja estas Condiciones.<\/p><h4><strong><b>7. <\/b><\/strong><strong>Limitaci\u00f3n de responsabilidad<\/strong><\/h4><p><strong>ClearFilter<\/strong> no ser\u00e1 responsable de ning\u00fan da\u00f1o directo, indirecto, incidental o consecuente derivado de su uso del Sitio o de su incapacidad para utilizarlo. Esto incluye cualquier p\u00e9rdida comercial o de datos asociada a los servicios del Sitio.<\/p><h4><strong><b>8. <\/b><\/strong><strong>Enlaces de terceros<\/strong><\/h4><p>El Sitio puede contener enlaces a sitios web de terceros. <strong>ClearFilter<\/strong> no es responsable del contenido ni de la exactitud de la informaci\u00f3n de los sitios de terceros y no los respalda ni asume responsabilidad alguna por ellos.<\/p><h4><strong><b>9. <\/b><\/strong><strong>Terminaci\u00f3n<\/strong><\/h4><p><strong>ClearFilter<\/strong> podr\u00e1 cancelar o suspender el acceso al Sitio sin previo aviso por conductas que infrinjan estas Condiciones o sean perjudiciales para otros usuarios.<\/p><h4><strong><b>10. <\/b><\/strong><strong>Derecho aplicable<\/strong><\/h4><p>Estos T\u00e9rminos y cualquier disputa que surja de su uso del Sitio se regir\u00e1n e interpretar\u00e1n de acuerdo con las leyes de <strong>ClearFilter<\/strong>.<\/p><p>Si tiene preguntas sobre estas Condiciones, p\u00f3ngase en contacto con nosotros en support@clearfilterpro.com.<\/p><p>\u00a0<\/p>\t\t\t\t\t\t\t\t<\/div>\n\t\t\t\t<\/div>\n\t\t\t\t\t<\/div>\n\t\t\t\t<\/div>\n\t\t\t\t<\/div>","protected":false},"excerpt":{"rendered":"<p>Terms of Use Welcome to ClearFilter! These Terms of Use (\u201cTerms\u201d) govern your use of the website located at https:\/\/clearfilterpro.com\/ (the \u201cSite\u201d) and the services provided by ClearFilter(\u201cwe,\u201d \u201cus,\u201d or \u201cour\u201d). By accessing or using the Site, you agree to comply with these Terms. If you do not agree, please do not use the Site. [&hellip;]<\/p>\n","protected":false},"author":1,"featured_media":0,"parent":0,"menu_order":0,"comment_status":"closed","ping_status":"closed","template":"","meta":{"_seopress_robots_primary_cat":"","_seopress_titles_title":"Terms of Use | ClearFilter: Your Guide to Using Our Services","_seopress_titles_desc":"Review ClearFilter\u2019s Terms of Use to understand the rules for accessing and using our website. Learn about user responsibilities, intellectual property, and limitations of liability.","_seopress_robots_index":"","footnotes":""},"class_list":["post-1690","page","type-page","status-publish","hentry"],"_links":{"self":[{"href":"https:\/\/clearfilterpro.com\/es\/wp-json\/wp\/v2\/pages\/1690","targetHints":{"allow":["GET"]}}],"collection":[{"href":"https:\/\/clearfilterpro.com\/es\/wp-json\/wp\/v2\/pages"}],"about":[{"href":"https:\/\/clearfilterpro.com\/es\/wp-json\/wp\/v2\/types\/page"}],"author":[{"embeddable":true,"href":"https:\/\/clearfilterpro.com\/es\/wp-json\/wp\/v2\/users\/1"}],"replies":[{"embeddable":true,"href":"https:\/\/clearfilterpro.com\/es\/wp-json\/wp\/v2\/comments?post=1690"}],"version-history":[{"count":13,"href":"https:\/\/clearfilterpro.com\/es\/wp-json\/wp\/v2\/pages\/1690\/revisions"}],"predecessor-version":[{"id":1843,"href":"https:\/\/clearfilterpro.com\/es\/wp-json\/wp\/v2\/pages\/1690\/revisions\/1843"}],"wp:attachment":[{"href":"https:\/\/clearfilterpro.com\/es\/wp-json\/wp\/v2\/media?parent=1690"}],"curies":[{"name":"wp","href":"https:\/\/api.w.org\/{rel}","templated":true}]}}