{"id":1700,"date":"2025-01-17T21:25:34","date_gmt":"2025-01-17T13:25:34","guid":{"rendered":"https:\/\/clearfilterpro.com\/?page_id=1700"},"modified":"2025-01-18T16:40:04","modified_gmt":"2025-01-18T08:40:04","slug":"privacy-policy","status":"publish","type":"page","link":"https:\/\/clearfilterpro.com\/de\/privacy-policy\/","title":{"rendered":"Datenschutzbestimmungen"},"content":{"rendered":"<div data-elementor-type=\"wp-page\" data-elementor-id=\"1700\" class=\"elementor elementor-1700\" data-elementor-post-type=\"page\">\n\t\t\t\t<div class=\"elementor-element elementor-element-10e9d24 e-flex e-con-boxed e-con e-parent\" data-id=\"10e9d24\" data-element_type=\"container\" data-e-type=\"container\">\n\t\t\t\t\t<div class=\"e-con-inner\">\n\t\t\t\t<div class=\"elementor-element elementor-element-5f8aedc elementor-widget elementor-widget-heading\" data-id=\"5f8aedc\" data-element_type=\"widget\" data-e-type=\"widget\" data-settings=\"{&quot;ekit_we_effect_on&quot;:&quot;none&quot;}\" data-widget_type=\"heading.default\">\n\t\t\t\t<div class=\"elementor-widget-container\">\n\t\t\t\t\t<h1 class=\"elementor-heading-title elementor-size-default\">Datenschutzbestimmungen<\/h1>\t\t\t\t<\/div>\n\t\t\t\t<\/div>\n\t\t\t\t<div class=\"elementor-element elementor-element-14ec52c elementor-widget elementor-widget-text-editor\" data-id=\"14ec52c\" data-element_type=\"widget\" data-e-type=\"widget\" data-settings=\"{&quot;ekit_we_effect_on&quot;:&quot;none&quot;}\" data-widget_type=\"text-editor.default\">\n\t\t\t\t<div class=\"elementor-widget-container\">\n\t\t\t\t\t\t\t\t\t<p><strong>Datenschutzrichtlinie f\u00fcr ClearFilter<\/strong><\/p><p>Unter <strong>ClearFilter<\/strong>Auf der Website https:\/\/clearfilterpro.com\/ hat der Schutz Ihrer Privatsph\u00e4re h\u00f6chste Priorit\u00e4t. In dieser Datenschutzrichtlinie wird erl\u00e4utert, wie wir die von den Besuchern unserer Website gesammelten Informationen erfassen, verwenden und weitergeben.<\/p><h4><strong><b>1. <\/b><\/strong><strong>Einf\u00fchrung<\/strong><\/h4><p>Diese Datenschutzrichtlinie gilt f\u00fcr die Erfassung, Verwendung und Weitergabe von personenbezogenen Daten, die von <strong>ClearFilter<\/strong>. Durch die Nutzung unserer Website erkl\u00e4ren Sie sich mit der Erfassung und Nutzung von Informationen in \u00dcbereinstimmung mit dieser Richtlinie einverstanden.<\/p><h4><strong><b>2. <\/b><\/strong><strong>Gesammelte Informationen<\/strong><\/h4><ul><li><strong>Pers\u00f6nliche Informationen<\/strong>: Wir erfassen personenbezogene Daten, die Sie uns freiwillig zur Verf\u00fcgung stellen, wie z. B. Name, E-Mail-Adresse und Kontaktdaten, wenn Sie sich registrieren, Updates abonnieren oder uns kontaktieren.<\/li><li><strong>Automatisch gesammelte Informationen<\/strong>: Wir k\u00f6nnen technische Informationen sammeln, einschlie\u00dflich IP-Adresse, Browsertyp, Betriebssystem und Nutzungsdaten, um die Leistung der Website zu verbessern.<\/li><\/ul><h4><strong><b>3. <\/b><\/strong><strong>Wie wir Ihre Informationen verwenden<\/strong><\/h4><p><strong>ClearFilter<\/strong> verwendet die gesammelten Informationen, um:<\/p><ul><li>Erweiterung und Verbesserung der Funktionen und Dienste der Website<\/li><li>Beantwortung von Kundenanfragen und Bereitstellung von Unterst\u00fctzung<\/li><li>Versenden von Marketing- und Werbenachrichten (Sie k\u00f6nnen sich jederzeit abmelden)<\/li><li>Einhaltung der rechtlichen Verpflichtungen<\/li><\/ul><h4><strong><b>4. <\/b><\/strong><strong>Informationsaustausch und Offenlegung<\/strong><\/h4><p>Wir geben Ihre pers\u00f6nlichen Daten nicht an Dritte weiter, verkaufen oder vermieten sie nicht, au\u00dfer:<\/p><ul><li>mit Dienstleistern, die uns beim Website-Hosting, der Datenanalyse und der Kundenbetreuung unterst\u00fctzen<\/li><li>Wenn dies aufgrund von Gesetzen, Vorschriften oder rechtlichen Verfahren erforderlich ist<\/li><\/ul><h4><strong><b>5. <\/b><\/strong><strong>Datensicherheit<\/strong><\/h4><p>Wir treffen Vorkehrungen zum Schutz Ihrer Daten, indem wir Verschl\u00fcsselungs- und Sicherheitsprotokolle nach Industriestandard verwenden. Bitte beachten Sie jedoch, dass keine Methode der Internet\u00fcbertragung oder -speicherung v\u00f6llig sicher ist.<\/p><h4><strong><b>6. <\/b><\/strong><strong>Cookies und Tracking-Technologien<\/strong><\/h4><p><strong>ClearFilter<\/strong> verwendet Cookies und \u00e4hnliche Tracking-Technologien, um Ihr Browsing-Erlebnis zu verbessern, den Website-Verkehr zu analysieren und personalisierte Inhalte zu liefern. Sie k\u00f6nnen Cookies in den Einstellungen Ihres Browsers deaktivieren, allerdings k\u00f6nnen dadurch einige Funktionen der Website beeintr\u00e4chtigt werden.<\/p><h4><strong><b>7. <\/b><\/strong><strong>Benutzerrechte<\/strong><\/h4><p>Je nach Gerichtsbarkeit haben Sie m\u00f6glicherweise Rechte an Ihren pers\u00f6nlichen Daten, darunter auch das Recht auf Auskunft:<\/p><ul><li>Zugriff, Aktualisierung oder L\u00f6schung Ihrer personenbezogenen Daten<\/li><li>Einspruch gegen die Datenverarbeitung oder Antrag auf Datenbeschr\u00e4nkung<\/li><\/ul><p>Um diese Rechte auszu\u00fcben, kontaktieren Sie uns bitte unter support@https:\/\/clearfilterpro.com\/.<\/p><h4><strong><b>8. <\/b><\/strong><strong>\u00c4nderungen der Datenschutzrichtlinie<\/strong><\/h4><p><strong>ClearFilter<\/strong> beh\u00e4lt sich das Recht vor, diese Datenschutzrichtlinie zu aktualisieren. \u00c4nderungen werden auf dieser Seite ver\u00f6ffentlicht, und wir empfehlen Ihnen, diese Richtlinie regelm\u00e4\u00dfig zu \u00fcberpr\u00fcfen.<\/p><h4><strong><b>9. <\/b><\/strong><strong>Kontakt<\/strong><\/h4><p>Wenn Sie Fragen oder Bedenken bez\u00fcglich dieser Datenschutzrichtlinie haben, kontaktieren Sie uns bitte unter support@https:\/\/clearfilterpro.com\/.<\/p>\t\t\t\t\t\t\t\t<\/div>\n\t\t\t\t<\/div>\n\t\t\t\t\t<\/div>\n\t\t\t\t<\/div>\n\t\t\t\t<\/div>","protected":false},"excerpt":{"rendered":"<p>Privacy Policy Privacy Policy for ClearFilter At ClearFilter, accessible from https:\/\/clearfilterpro.com\/, protecting your privacy is a priority. This Privacy Policy explains how we collect, use, and share information collected from visitors to our Site. 1. Introduction This Privacy Policy applies to the collection, use, and sharing of personal information collected by ClearFilter. By using our [&hellip;]<\/p>\n","protected":false},"author":1,"featured_media":0,"parent":0,"menu_order":0,"comment_status":"closed","ping_status":"closed","template":"","meta":{"_seopress_robots_primary_cat":"","_seopress_titles_title":"Privacy Policy | ClearFilter: Your Data, Your Rights","_seopress_titles_desc":"Read ClearFilter\u2019s Privacy Policy to understand how we collect, use, and protect your personal information. Learn about your rights and our commitment to data security.","_seopress_robots_index":"","footnotes":""},"class_list":["post-1700","page","type-page","status-publish","hentry"],"_links":{"self":[{"href":"https:\/\/clearfilterpro.com\/de\/wp-json\/wp\/v2\/pages\/1700","targetHints":{"allow":["GET"]}}],"collection":[{"href":"https:\/\/clearfilterpro.com\/de\/wp-json\/wp\/v2\/pages"}],"about":[{"href":"https:\/\/clearfilterpro.com\/de\/wp-json\/wp\/v2\/types\/page"}],"author":[{"embeddable":true,"href":"https:\/\/clearfilterpro.com\/de\/wp-json\/wp\/v2\/users\/1"}],"replies":[{"embeddable":true,"href":"https:\/\/clearfilterpro.com\/de\/wp-json\/wp\/v2\/comments?post=1700"}],"version-history":[{"count":13,"href":"https:\/\/clearfilterpro.com\/de\/wp-json\/wp\/v2\/pages\/1700\/revisions"}],"predecessor-version":[{"id":1846,"href":"https:\/\/clearfilterpro.com\/de\/wp-json\/wp\/v2\/pages\/1700\/revisions\/1846"}],"wp:attachment":[{"href":"https:\/\/clearfilterpro.com\/de\/wp-json\/wp\/v2\/media?parent=1700"}],"curies":[{"name":"wp","href":"https:\/\/api.w.org\/{rel}","templated":true}]}}