{"id":1690,"date":"2025-01-17T21:20:31","date_gmt":"2025-01-17T13:20:31","guid":{"rendered":"https:\/\/clearfilterpro.com\/?page_id=1690"},"modified":"2025-01-18T16:40:53","modified_gmt":"2025-01-18T08:40:53","slug":"terms-of-use","status":"publish","type":"page","link":"https:\/\/clearfilterpro.com\/de\/terms-of-use\/","title":{"rendered":"Nutzungsbedingungen"},"content":{"rendered":"<div data-elementor-type=\"wp-page\" data-elementor-id=\"1690\" class=\"elementor elementor-1690\" data-elementor-post-type=\"page\">\n\t\t\t\t<div class=\"elementor-element elementor-element-0fcc42e e-flex e-con-boxed e-con e-parent\" data-id=\"0fcc42e\" data-element_type=\"container\" data-e-type=\"container\">\n\t\t\t\t\t<div class=\"e-con-inner\">\n\t\t\t\t<div class=\"elementor-element elementor-element-2c168c9 elementor-widget elementor-widget-heading\" data-id=\"2c168c9\" data-element_type=\"widget\" data-e-type=\"widget\" data-settings=\"{&quot;ekit_we_effect_on&quot;:&quot;none&quot;}\" data-widget_type=\"heading.default\">\n\t\t\t\t<div class=\"elementor-widget-container\">\n\t\t\t\t\t<h1 class=\"elementor-heading-title elementor-size-default\">Nutzungsbedingungen<\/h1>\t\t\t\t<\/div>\n\t\t\t\t<\/div>\n\t\t\t\t<div class=\"elementor-element elementor-element-bfd8a24 elementor-widget elementor-widget-text-editor\" data-id=\"bfd8a24\" data-element_type=\"widget\" data-e-type=\"widget\" data-settings=\"{&quot;ekit_we_effect_on&quot;:&quot;none&quot;}\" data-widget_type=\"text-editor.default\">\n\t\t\t\t<div class=\"elementor-widget-container\">\n\t\t\t\t\t\t\t\t\t<p><strong>Willkommen bei ClearFilter!<\/strong><\/p><p>Diese Nutzungsbedingungen (\"Bedingungen\") regeln die Nutzung der Website https:\/\/clearfilterpro.com\/ (die \"Website\") und der Dienste, die von <strong>ClearFilter<\/strong>(\"wir\", \"uns\" oder \"unser\"). Indem Sie auf die Website zugreifen oder sie nutzen, erkl\u00e4ren Sie sich damit einverstanden, diese Bedingungen einzuhalten. Wenn Sie damit nicht einverstanden sind, nutzen Sie die Website bitte nicht.<\/p><h4><strong><b>1. <\/b><\/strong><strong>Akzeptanz der Bedingungen<\/strong><\/h4><p>Indem Sie auf unsere Website zugreifen und sie nutzen, akzeptieren Sie diese Bedingungen und erkl\u00e4ren sich mit ihnen einverstanden. Wenn Sie die Website im Namen eines Unternehmens nutzen, erkl\u00e4ren und garantieren Sie, dass Sie befugt sind, diesen Bedingungen im Namen des Unternehmens zuzustimmen.<\/p><h4><strong><b>2. <\/b><\/strong><strong>\u00c4nderungen der Bedingungen<\/strong><\/h4><p><strong>ClearFilter <\/strong>beh\u00e4lt sich das Recht vor, diese Bedingungen jederzeit zu \u00e4ndern. Alle \u00c4nderungen werden auf dieser Seite ver\u00f6ffentlicht, und das Datum am oberen Rand gibt die neueste Version wieder. Durch die fortgesetzte Nutzung der Website nach einer \u00c4nderung erkl\u00e4ren Sie sich mit den neuen Bedingungen einverstanden.<\/p><h4><strong><b>3. <\/b><\/strong><strong>Nutzung der Website<\/strong><\/h4><p>Sie verpflichten sich, die Website nur zu rechtm\u00e4\u00dfigen Zwecken und in einer Weise zu nutzen, die die Rechte anderer nicht verletzt oder deren Nutzung einschr\u00e4nkt oder behindert. Jede unbefugte Nutzung der Website kann zur Aussetzung oder Beendigung Ihres Zugangs f\u00fchren.<\/p><h4><strong><b>4. <\/b><\/strong><strong>Verantwortlichkeiten f\u00fcr das Konto<\/strong><\/h4><p>Wenn Sie ein Konto auf unserer Website erstellen, sind Sie f\u00fcr die Geheimhaltung Ihrer Anmeldedaten verantwortlich. Sie verpflichten sich, genaue und vollst\u00e4ndige Informationen anzugeben und diese bei Bedarf zu aktualisieren. <strong>ClearFilter<\/strong> ist nicht haftbar f\u00fcr unbefugten Zugriff oder Aktivit\u00e4ten auf Ihrem Konto.<\/p><h4><strong><b>5. <\/b><\/strong><strong>Geistiges Eigentum<\/strong><\/h4><p>Alle Inhalte, Merkmale und Funktionen der Website, einschlie\u00dflich Text, Bilder, Logos, Grafiken und Software, sind Eigentum von oder lizenziert f\u00fcr <strong>ClearFilter<\/strong> und sind durch die geltenden Gesetze zum Schutz des geistigen Eigentums gesch\u00fctzt. Die unbefugte Nutzung von Inhalten der Website ist streng verboten.<\/p><h4><strong><b>6. <\/b><\/strong><strong>Benutzergenerierte Inhalte<\/strong><\/h4><p>Wenn Sie Inhalte an die Website \u00fcbermitteln, einschlie\u00dflich Kommentare, Bewertungen oder andere nutzergenerierte Inhalte, gew\u00e4hren Sie <strong>ClearFilter<\/strong>eine nicht-exklusive, weltweite Lizenz zur Nutzung, Darstellung und Verbreitung dieser Inhalte. Wir behalten uns das Recht vor, Inhalte zu \u00fcberpr\u00fcfen und zu entfernen, die wir f\u00fcr unangemessen halten oder die gegen diese Bedingungen versto\u00dfen.<\/p><h4><strong><b>7. <\/b><\/strong><strong>Beschr\u00e4nkung der Haftung<\/strong><\/h4><p><strong>ClearFilter<\/strong> haftet nicht f\u00fcr direkte, indirekte, zuf\u00e4llige oder Folgesch\u00e4den, die sich aus der Nutzung der Website oder der Unf\u00e4higkeit zur Nutzung der Website ergeben. Dies gilt auch f\u00fcr gesch\u00e4ftliche Verluste oder Datenverluste im Zusammenhang mit den Diensten der Website.<\/p><h4><strong><b>8. <\/b><\/strong><strong>Links von Drittanbietern<\/strong><\/h4><p>Die Website kann Links zu Websites Dritter enthalten. <strong>ClearFilter<\/strong> ist nicht verantwortlich f\u00fcr den Inhalt oder die Richtigkeit von Informationen auf Websites Dritter und \u00fcbernimmt keine Verantwortung f\u00fcr diese.<\/p><h4><strong><b>9. <\/b><\/strong><strong>Terminierung<\/strong><\/h4><p><strong>ClearFilter<\/strong> kann den Zugang zur Website ohne Vorank\u00fcndigung beenden oder aussetzen, wenn das Verhalten gegen diese Bedingungen verst\u00f6\u00dft oder f\u00fcr andere Benutzer sch\u00e4dlich ist.<\/p><h4><strong><b>10. <\/b><\/strong><strong>Geltendes Recht<\/strong><\/h4><p>Diese Bedingungen und alle Streitigkeiten, die sich aus der Nutzung der Website ergeben, unterliegen den Gesetzen der folgenden L\u00e4nder und werden entsprechend ausgelegt <strong>ClearFilter<\/strong>.<\/p><p>Bei Fragen zu diesen Bedingungen kontaktieren Sie uns bitte unter support@clearfilterpro.com.<\/p><p>\u00a0<\/p>\t\t\t\t\t\t\t\t<\/div>\n\t\t\t\t<\/div>\n\t\t\t\t\t<\/div>\n\t\t\t\t<\/div>\n\t\t\t\t<\/div>","protected":false},"excerpt":{"rendered":"<p>Terms of Use Welcome to ClearFilter! These Terms of Use (\u201cTerms\u201d) govern your use of the website located at https:\/\/clearfilterpro.com\/ (the \u201cSite\u201d) and the services provided by ClearFilter(\u201cwe,\u201d \u201cus,\u201d or \u201cour\u201d). By accessing or using the Site, you agree to comply with these Terms. If you do not agree, please do not use the Site. [&hellip;]<\/p>\n","protected":false},"author":1,"featured_media":0,"parent":0,"menu_order":0,"comment_status":"closed","ping_status":"closed","template":"","meta":{"_seopress_robots_primary_cat":"","_seopress_titles_title":"Terms of Use | ClearFilter: Your Guide to Using Our Services","_seopress_titles_desc":"Review ClearFilter\u2019s Terms of Use to understand the rules for accessing and using our website. Learn about user responsibilities, intellectual property, and limitations of liability.","_seopress_robots_index":"","footnotes":""},"class_list":["post-1690","page","type-page","status-publish","hentry"],"_links":{"self":[{"href":"https:\/\/clearfilterpro.com\/de\/wp-json\/wp\/v2\/pages\/1690","targetHints":{"allow":["GET"]}}],"collection":[{"href":"https:\/\/clearfilterpro.com\/de\/wp-json\/wp\/v2\/pages"}],"about":[{"href":"https:\/\/clearfilterpro.com\/de\/wp-json\/wp\/v2\/types\/page"}],"author":[{"embeddable":true,"href":"https:\/\/clearfilterpro.com\/de\/wp-json\/wp\/v2\/users\/1"}],"replies":[{"embeddable":true,"href":"https:\/\/clearfilterpro.com\/de\/wp-json\/wp\/v2\/comments?post=1690"}],"version-history":[{"count":13,"href":"https:\/\/clearfilterpro.com\/de\/wp-json\/wp\/v2\/pages\/1690\/revisions"}],"predecessor-version":[{"id":1843,"href":"https:\/\/clearfilterpro.com\/de\/wp-json\/wp\/v2\/pages\/1690\/revisions\/1843"}],"wp:attachment":[{"href":"https:\/\/clearfilterpro.com\/de\/wp-json\/wp\/v2\/media?parent=1690"}],"curies":[{"name":"wp","href":"https:\/\/api.w.org\/{rel}","templated":true}]}}